{"id":49008,"date":"2025-11-26T09:19:44","date_gmt":"2025-11-26T08:19:44","guid":{"rendered":"https:\/\/foresticollection.com\/?post_type=product&#038;p=49008"},"modified":"2025-11-26T10:16:10","modified_gmt":"2025-11-26T09:16:10","slug":"le-passamanerie-n-1","status":"publish","type":"product","link":"https:\/\/foresticollection.com\/it\/prodotto\/le-passamanerie-n-1","title":{"rendered":"Le Passamanerie n. 1"},"content":{"rendered":"","protected":false},"excerpt":{"rendered":"<p>Collezione di embrasse e passamanerie realizzata con intrecci naturali in rayon, cotone e lino rigenerato. Lavorazioni a nodo, treccia o cerchio, disponibili con magneti integrati o terminali cromati. Linee pulite, finiture materiche e struttura morbida ma resistente, pensate per valorizzare tende leggere e pesanti.<\/p>\n<p>La gamma colori comprende 24 tonalit\u00e0: dai neutri naturali (cotone, lino, champagne) ai classici rayon (sabbia, tortora, panna, grigi, antracite), fino ai toni pi\u00f9 intensi come bordeaux, blu cina e verde polvere. Ogni variante \u00e8 sviluppata per garantire continuit\u00e0 cromatica e compatibilit\u00e0 con tutte le collezioni Foresti.<\/p>\n<p>Prodotti disponibili in lunghezze 80\u2013100 cm, interamente lavorati in Italia con materiali ricercati e dettagli di alta qualit\u00e0.<\/p>\n","protected":false},"featured_media":49010,"template":"","meta":[],"product_brand":[],"product_cat":[1542],"product_tag":[],"class_list":{"0":"post-49008","1":"product","2":"type-product","3":"status-publish","4":"has-post-thumbnail","6":"product_cat-le-passamanerie","8":"first","9":"instock","10":"shipping-taxable","11":"product-type-simple"},"_links":{"self":[{"href":"https:\/\/foresticollection.com\/it\/wp-json\/wp\/v2\/product\/49008","targetHints":{"allow":["GET"]}}],"collection":[{"href":"https:\/\/foresticollection.com\/it\/wp-json\/wp\/v2\/product"}],"about":[{"href":"https:\/\/foresticollection.com\/it\/wp-json\/wp\/v2\/types\/product"}],"wp:featuredmedia":[{"embeddable":true,"href":"https:\/\/foresticollection.com\/it\/wp-json\/wp\/v2\/media\/49010"}],"wp:attachment":[{"href":"https:\/\/foresticollection.com\/it\/wp-json\/wp\/v2\/media?parent=49008"}],"wp:term":[{"taxonomy":"product_brand","embeddable":true,"href":"https:\/\/foresticollection.com\/it\/wp-json\/wp\/v2\/product_brand?post=49008"},{"taxonomy":"product_cat","embeddable":true,"href":"https:\/\/foresticollection.com\/it\/wp-json\/wp\/v2\/product_cat?post=49008"},{"taxonomy":"product_tag","embeddable":true,"href":"https:\/\/foresticollection.com\/it\/wp-json\/wp\/v2\/product_tag?post=49008"}],"curies":[{"name":"wp","href":"https:\/\/api.w.org\/{rel}","templated":true}]}}