{"id":12044,"date":"2019-09-19T23:33:41","date_gmt":"2019-09-19T21:33:41","guid":{"rendered":"https:\/squid\/"},"modified":"2025-02-13T11:02:41","modified_gmt":"2025-02-13T10:02:41","slug":"squid","status":"publish","type":"page","link":"https:\/\/foresticollection.com\/it\/squid","title":{"rendered":"Squid"},"content":{"rendered":"<section class=\"wpb-content-wrapper\">[vc_row thb_full_width=&#8221;true&#8221; thb_row_padding=&#8221;true&#8221; thb_column_padding=&#8221;true&#8221; css=&#8221;.vc_custom_1739440959880{margin-bottom: 15vh !important;padding-top: 35vh !important;padding-bottom: 25vh !important;background: #151515 url(https:\/\/foresticollection.com\/wp-content\/uploads\/2019\/09\/Squid_home.jpg?id=3394) !important;background-position: center !important;background-repeat: no-repeat !important;background-size: cover !important;}&#8221; el_class=&#8221;hero-row&#8221;][vc_column][vc_row_inner el_class=&#8221;align-center&#8221;][vc_column_inner thb_color=&#8221;thb-light-column&#8221; width=&#8221;1\/2&#8243;][vc_single_image image=&#8221;3404&#8243; img_size=&#8221;full&#8221;]\t<div id=\"thb-video-lightbox-69deef1b3ffa3\" class=\"thb-video-lightbox lightbox-style1  thb-video-lightbox-icon-style-style2  large animation fade-in\">\n\t\t<a href=\"https:\/\/www.youtube.com\/watch?v=_aKjJd8sWqA\" class=\"thb-video-link mfp-video\" target=\"_blank\" rel=\"noopener\"><\/a>\n\t\t\t\t<svg version=\"1.1\" xmlns=\"http:\/\/www.w3.org\/2000\/svg\" xmlns:xlink=\"http:\/\/www.w3.org\/1999\/xlink\" x=\"0px\" y=\"0px\"\n\t width=\"64px\" height=\"64px\" viewBox=\"0 0 64 64\" enable-background=\"new 0 0 64 64\" xml:space=\"preserve\">\n\t<path class=\"pause\" fill-rule=\"evenodd\" clip-rule=\"evenodd\" d=\"M32,0C14.327,0,0,14.327,0,32c0,17.674,14.327,32,32,32\n\t\ts32-14.326,32-32C64,14.327,49.673,0,32,0z M30,40h-4V24h4V40z M38,40h-4V24h4V40z\"\/>\n\t<path class=\"play\" d=\"M32,0C14.327,0,0,14.327,0,32c0,17.674,14.327,32,32,32s32-14.326,32-32C64,14.327,49.673,0,32,0z M40.295,33.256\n\t\tl-12.383,7.529C27.761,40.893,27.56,41,27.309,41c-0.252,0-0.504-0.107-0.705-0.215C26.251,40.516,26,40.032,26,39.549V24.437\n\t\tc0-0.483,0.201-0.968,0.604-1.237c0.403-0.268,0.856-0.268,1.309,0l12.383,7.529C40.748,31.051,41,31.535,41,32.02\n\t\tC41,32.503,40.748,32.987,40.295,33.256z\"\/>\n<\/svg>\n\t\t\t\t<style>\n\t\t\t\t\t\t\t#thb-video-lightbox-69deef1b3ffa3 svg {\n\t\t\t\t\tfill: #000000;\n\t\t\t\t}\n\t\t\t\t#thb-video-lightbox-69deef1b3ffa3 svg.thb-play-02 .circle1 {\n\t\t\t\t\tstroke: #000000;\n\t\t\t\t}\n\t\t\t\t#thb-video-lightbox-69deef1b3ffa3.thb-video-lightbox-icon-style-style4 .thb-video-text {\n\t\t\t\t\tcolor: #000000;\n\t\t\t\t}\n\t\t\t\t\t\t\t\t\t<\/style>\n\t<\/div>\n\t[\/vc_column_inner][vc_column_inner width=&#8221;1\/2&#8243;][\/vc_column_inner][\/vc_row_inner][\/vc_column][\/vc_row][vc_row thb_full_width=&#8221;true&#8221; thb_row_padding=&#8221;true&#8221; thb_column_padding=&#8221;true&#8221; el_class=&#8221;second-row&#8221; css=&#8221;.vc_custom_1569020174469{padding-bottom: 5vh !important;}&#8221;][vc_column][vc_row_inner][vc_column_inner width=&#8221;7\/12&#8243;][vc_column_text animation=&#8221;animation bottom-to-top-3d&#8221;]\n<h1><span style=\"color: #000000;\">Un modo nuovo e semplice per ricoprire le tue finestre<\/span><\/h1>\n[\/vc_column_text][\/vc_column_inner][vc_column_inner width=&#8221;5\/12&#8243;][\/vc_column_inner][\/vc_row_inner][\/vc_column][\/vc_row][vc_row thb_full_width=&#8221;true&#8221; thb_row_padding=&#8221;true&#8221; thb_column_padding=&#8221;true&#8221; el_class=&#8221;second-row&#8221; css=&#8221;.vc_custom_1569019721173{padding-bottom: 5vh !important;}&#8221;][vc_column][vc_row_inner][vc_column_inner width=&#8221;7\/12&#8243;][vc_column_text animation=&#8221;animation bottom-to-top-3d&#8221;]Squid\u00ae \u00e8 un tessuto trasparente che ti permette di vedere fuori durante il giorno e allo stesso tempo impedisce a chi sta all&#8217;esterno di vedere all&#8217;interno. Squid ti aiuta a preservare la tua privacy. L&#8217;effetto di Squid\u00ae pu\u00f2 essere paragonato a quello di una tenda a rete, ma la sua texture unica ha una sensazione calda e naturale. Squid\u00ae pu\u00f2 essere combinato perfettamente con qualsiasi altro tipo di decorazione per finestre. Si adatta a qualsiasi stile di interior design. Squid\u00ae mantiene lontano il calore del sole, quindi \u00e8 una soluzione ideale per le finestre esposte a una forte luce solare. \u00c8 anche traspirante, a differenza delle pellicole di plastica per finestre, quindi \u00e8 adatto anche per vetri ad alte prestazioni.[\/vc_column_text][\/vc_column_inner][vc_column_inner width=&#8221;5\/12&#8243;][vc_column_text animation=&#8221;animation bottom-to-top-3d&#8221;]Solo la versione nera (Coal) non pu\u00f2 essere utilizzata su questo tipo di vetro. Il substrato di alta qualit\u00e0 \u00e8 perfetto per la stampa digitale. Abbiamo ottenuto ottimi risultati con stampanti UV ed eco-solventi e stiamo esplorando altre tecnologie. La versatilit\u00e0 e la semplicit\u00e0 di Squid\u00ae l&#8217;hanno gi\u00e0 reso un grande successo nei mercati del design di interni e dell&#8217;architettura.[\/vc_column_text]\t<a class=\"btn-text  animation bottom-to-top-3d style1\" href=\"https:\/\/squid-italia.it\/it\/\" target=\"_blank\" role=\"button\" title=\"PER SAPERNE DI PI\u00d9\">\n\t\t<span>PER SAPERNE DI PI\u00d9<\/span>\n\t\t\t\t<\/a>\n\n\t[vc_empty_space height=&#8221;5vh&#8221;][\/vc_column_inner][\/vc_row_inner][\/vc_column][\/vc_row][vc_row thb_full_width=&#8221;true&#8221; thb_row_padding=&#8221;true&#8221; thb_column_padding=&#8221;true&#8221; el_class=&#8221;second-row&#8221; css=&#8221;.vc_custom_1569019721173{padding-bottom: 5vh !important;}&#8221;][vc_column][vc_row_inner][vc_column_inner animation=&#8221;animation bottom-to-top-3d&#8221;]\t<div id=\"thb-image-slider-389\" class=\"thb-image-slider thb-carousel row mfp-gallery overflow-visible   center-arrows\" data-pagination=\"\" data-center=\"\" data-columns=\"small-12 medium-6\" data-infinite=\"false\" data-autoplay=\"true\" data-autoplay-speed=\"4000\" data-navigation=\"true\">\n\t\t\t\t\t\t<figure class=\"columns\">\n\t\t\t\t\t\t\t\t\t\t<a href=\"https:\/\/foresticollection.com\/wp-content\/uploads\/2019\/09\/Squid_home-1.jpg\">\n\t\t\t\t\t\t\t\t\t<img loading=\"lazy\" decoding=\"async\" class=\"\" src=\"https:\/\/foresticollection.com\/wp-content\/uploads\/2019\/09\/Squid_home-1-700x500.jpg\" width=\"700\" height=\"500\" alt=\"Squid_home\" title=\"Squid_home\" \/>\t\t\t\t\t\t\t\t\t\t<\/a>\n\t\t\t\t\t\t\t\t\t<\/figure>\n\t\t\t\t\t\t\t<figure class=\"columns\">\n\t\t\t\t\t\t\t\t\t\t<a href=\"https:\/\/foresticollection.com\/wp-content\/uploads\/2019\/09\/Squid_34.jpeg\">\n\t\t\t\t\t\t\t\t\t<img loading=\"lazy\" decoding=\"async\" class=\"\" src=\"https:\/\/foresticollection.com\/wp-content\/uploads\/2019\/09\/Squid_34-700x500.jpeg\" width=\"700\" height=\"500\" alt=\"Squid_34\" title=\"Squid_34\" \/>\t\t\t\t\t\t\t\t\t\t<\/a>\n\t\t\t\t\t\t\t\t\t<\/figure>\n\t\t\t\t\t\t\t<figure class=\"columns\">\n\t\t\t\t\t\t\t\t\t\t<a href=\"https:\/\/foresticollection.com\/wp-content\/uploads\/2019\/09\/Squid_27.jpeg\">\n\t\t\t\t\t\t\t\t\t<img loading=\"lazy\" decoding=\"async\" class=\"\" src=\"https:\/\/foresticollection.com\/wp-content\/uploads\/2019\/09\/Squid_27-700x500.jpeg\" width=\"700\" height=\"500\" alt=\"Squid_27\" title=\"Squid_27\" \/>\t\t\t\t\t\t\t\t\t\t<\/a>\n\t\t\t\t\t\t\t\t\t<\/figure>\n\t\t\t\t\t\t\t<figure class=\"columns\">\n\t\t\t\t\t\t\t\t\t\t<a href=\"https:\/\/foresticollection.com\/wp-content\/uploads\/2019\/09\/Squid_19.jpeg\">\n\t\t\t\t\t\t\t\t\t<img loading=\"lazy\" decoding=\"async\" class=\"\" src=\"https:\/\/foresticollection.com\/wp-content\/uploads\/2019\/09\/Squid_19-700x500.jpeg\" width=\"700\" height=\"500\" alt=\"Squid_19\" title=\"Squid_19\" \/>\t\t\t\t\t\t\t\t\t\t<\/a>\n\t\t\t\t\t\t\t\t\t<\/figure>\n\t\t\t\t\t\t\t<figure class=\"columns\">\n\t\t\t\t\t\t\t\t\t\t<a href=\"https:\/\/foresticollection.com\/wp-content\/uploads\/2019\/09\/Squid_15.jpeg\">\n\t\t\t\t\t\t\t\t\t<img loading=\"lazy\" decoding=\"async\" class=\"\" src=\"https:\/\/foresticollection.com\/wp-content\/uploads\/2019\/09\/Squid_15-700x500.jpeg\" width=\"700\" height=\"500\" alt=\"Squid_15\" title=\"Squid_15\" \/>\t\t\t\t\t\t\t\t\t\t<\/a>\n\t\t\t\t\t\t\t\t\t<\/figure>\n\t\t\t\t\t\t\t<figure class=\"columns\">\n\t\t\t\t\t\t\t\t\t\t<a href=\"https:\/\/foresticollection.com\/wp-content\/uploads\/2019\/09\/Squid_13.jpeg\">\n\t\t\t\t\t\t\t\t\t<img loading=\"lazy\" decoding=\"async\" class=\"\" src=\"https:\/\/foresticollection.com\/wp-content\/uploads\/2019\/09\/Squid_13-700x500.jpeg\" width=\"700\" height=\"500\" alt=\"Squid_13\" title=\"Squid_13\" \/>\t\t\t\t\t\t\t\t\t\t<\/a>\n\t\t\t\t\t\t\t\t\t<\/figure>\n\t\t\t\t\t\t\t<figure class=\"columns\">\n\t\t\t\t\t\t\t\t\t\t<a href=\"https:\/\/foresticollection.com\/wp-content\/uploads\/2019\/09\/Squid_10.jpeg\">\n\t\t\t\t\t\t\t\t\t<img loading=\"lazy\" decoding=\"async\" class=\"\" src=\"https:\/\/foresticollection.com\/wp-content\/uploads\/2019\/09\/Squid_10-700x500.jpeg\" width=\"700\" height=\"500\" alt=\"Squid_10\" title=\"Squid_10\" \/>\t\t\t\t\t\t\t\t\t\t<\/a>\n\t\t\t\t\t\t\t\t\t<\/figure>\n\t\t\t\t\t\t\t<figure class=\"columns\">\n\t\t\t\t\t\t\t\t\t\t<a href=\"https:\/\/foresticollection.com\/wp-content\/uploads\/2019\/09\/Squid_3.jpeg\">\n\t\t\t\t\t\t\t\t\t<img loading=\"lazy\" decoding=\"async\" class=\"\" src=\"https:\/\/foresticollection.com\/wp-content\/uploads\/2019\/09\/Squid_3-700x500.jpeg\" width=\"700\" height=\"500\" alt=\"Squid_3\" title=\"Squid_3\" \/>\t\t\t\t\t\t\t\t\t\t<\/a>\n\t\t\t\t\t\t\t\t\t<\/figure>\n\t\t\t\t\t\t\t<figure class=\"columns\">\n\t\t\t\t\t\t\t\t\t\t<a href=\"https:\/\/foresticollection.com\/wp-content\/uploads\/2019\/09\/0000503_inspiratie-douche-chalk.jpeg\">\n\t\t\t\t\t\t\t\t\t<img loading=\"lazy\" decoding=\"async\" class=\"\" src=\"https:\/\/foresticollection.com\/wp-content\/uploads\/2019\/09\/0000503_inspiratie-douche-chalk-700x500.jpeg\" width=\"700\" height=\"500\" alt=\"0000503_inspiratie-douche-chalk\" title=\"0000503_inspiratie-douche-chalk\" \/>\t\t\t\t\t\t\t\t\t\t<\/a>\n\t\t\t\t\t\t\t\t\t<\/figure>\n\t\t\t\t\t\t\t<figure class=\"columns\">\n\t\t\t\t\t\t\t\t\t\t<a href=\"https:\/\/foresticollection.com\/wp-content\/uploads\/2019\/09\/Squid_5.jpeg\">\n\t\t\t\t\t\t\t\t\t<img loading=\"lazy\" decoding=\"async\" class=\"\" src=\"https:\/\/foresticollection.com\/wp-content\/uploads\/2019\/09\/Squid_5-700x500.jpeg\" width=\"700\" height=\"500\" alt=\"Squid_5\" title=\"Squid_5\" \/>\t\t\t\t\t\t\t\t\t\t<\/a>\n\t\t\t\t\t\t\t\t\t<\/figure>\n\t\t\t\t<\/div>\n\t[\/vc_column_inner][\/vc_row_inner][\/vc_column][\/vc_row][vc_row thb_full_width=&#8221;true&#8221; thb_row_padding=&#8221;true&#8221; thb_column_padding=&#8221;true&#8221;][vc_column]\t<div id=\"thb-freescroll-167\" class=\"thb-freescroll large-scroll regular-padding thb-adaptive-height thb-freescroll-text   \" data-direction=\"thb-right-to-left\" data-pause=\"true\">\n\t\t\t\t\t\t<div class=\"small-12 columns text-content\">\n\t\t\t\t\n<h1>Squid\u00ae \u00e8 un tessuto trasparente autoadesivo per la copertura di finestre. Squid\u00ae \u00e8 veloce e facile da installare. Puoi farlo tranquillamente da solo, senza alcun bisogno di attrezzature professionali.<\/h1>\n\t\t\t\t<\/div>\n\t\t<div class=\"small-12 columns text-content\">\n\t\t\t\t\n<h1>Squid\u00ae \u00e8 un tessuto trasparente autoadesivo per la copertura di finestre. Squid\u00ae \u00e8 veloce e facile da installare. Puoi farlo tranquillamente da solo, senza alcun bisogno di attrezzature professionali.<\/h1>\n\t\t\t\t<\/div>\n\t\t\t\t\t<\/div>\n\t[\/vc_column][\/vc_row][vc_row thb_full_width=&#8221;true&#8221; thb_row_padding=&#8221;true&#8221; thb_column_padding=&#8221;true&#8221;][vc_column]\t<div id=\"thb-bg-list-69deef1b46f53\" class=\"thb-bg-list-parent style1 row no-padding thb-light-title\" data-zoom-effect=\"true\">\n\t\t\t<div class=\"small-12 medium-4 columns\" style=\"min-height: 40vh\">\n\t\t<div class=\"thb-bg-list animation bottom-to-top-3d has-btn\">\n\t\t\t<div class=\"list-content-container\">\n\t\t\t\t\t\t\t\t\t<div class=\"thb-bg-list-title\">\n\t\t\t\t\t\t<h4>VERSATILIT\u00c0<\/h4>\n\t\t\t\t\t<\/div>\n\t\t\t\t\t\t\t\t\t\t\t\t\t<div class=\"thb-bg-list-content\">\n\t\t\t\t\t\tSquid\u00ae \u00e8 l\u2019unica copertura per finestre che pu\u00f2 essere facilmente adattata a qualsiasi forma e dimensione del vetro. Il suo tessuto \u00e8 resistente all\u2019umidit\u00e0 e al calore e pu\u00f2 essere facilmente adattato a ogni tipo di esigenza\t\t\t\t\t<\/div>\n\t\t\t\t\t\t\t<\/div>\n\t\t\t\t\t\t\t<a href=\"https:\/\/squid-italia.it\/it\/versatilita\" target=\"_blank\" title=\"SCOPRI DI PI\u00d9\" class=\"btn thb-bglist-btn no-radius style2 white small\" rel=\"noopener\"><span>SCOPRI DI PI\u00d9<\/span><\/a>\n\t\t\t\t\t<\/div>\n\t<\/div>\n\t<figure class=\"thb-bg-list-bg\">\n\t\t\t<\/figure>\n\t\t<div class=\"small-12 medium-4 columns\" style=\"min-height: 40vh\">\n\t\t<div class=\"thb-bg-list animation bottom-to-top-3d has-btn\">\n\t\t\t<div class=\"list-content-container\">\n\t\t\t\t\t\t\t\t\t<div class=\"thb-bg-list-title\">\n\t\t\t\t\t\t<h4>TRASPARENZA E PRIVACY<\/h4>\n\t\t\t\t\t<\/div>\n\t\t\t\t\t\t\t\t\t\t\t\t\t<div class=\"thb-bg-list-content\">\n\t\t\t\t\t\tSquid\u00ae \u00e8 un tessuto trasparente che ti permette di vedere fuori durante il giorno e allo stesso tempo impedisce a chi sta all&#8217;esterno di vedere all&#8217;interno. Squid ti aiuta a preservare la tua privacy.\t\t\t\t\t<\/div>\n\t\t\t\t\t\t\t<\/div>\n\t\t\t\t\t\t\t<a href=\"https:\/\/squid-italia.it\/it\/trasparenza-e-privacy\" target=\"_blank\" title=\"SCOPRI DI PI\u00d9\" class=\"btn thb-bglist-btn no-radius style2 white small\" rel=\"noopener\"><span>SCOPRI DI PI\u00d9<\/span><\/a>\n\t\t\t\t\t<\/div>\n\t<\/div>\n\t<figure class=\"thb-bg-list-bg\">\n\t\t\t<\/figure>\n\t\t<div class=\"small-12 medium-4 columns\" style=\"min-height: 40vh\">\n\t\t<div class=\"thb-bg-list animation bottom-to-top-3d has-btn\">\n\t\t\t<div class=\"list-content-container\">\n\t\t\t\t\t\t\t\t\t<div class=\"thb-bg-list-title\">\n\t\t\t\t\t\t<h4>ELEGANZA<\/h4>\n\t\t\t\t\t<\/div>\n\t\t\t\t\t\t\t\t\t\t\t\t\t<div class=\"thb-bg-list-content\">\n\t\t\t\t\t\tSquid\u00ae \u00e8 un tessuto con una bella sensazione naturale. La sua texture unica lo rende facile da curare e adatto a ogni interno o architettura. Abbiamo accuratamente selezionato sei colori.\t\t\t\t\t<\/div>\n\t\t\t\t\t\t\t<\/div>\n\t\t\t\t\t\t\t<a href=\"https:\/\/squid-italia.it\/it\/eleganza\" target=\"_blank\" title=\"SCOPRI DI PI\u00d9\" class=\"btn thb-bglist-btn no-radius style2 white small\" rel=\"noopener\"><span>SCOPRI DI PI\u00d9<\/span><\/a>\n\t\t\t\t\t<\/div>\n\t<\/div>\n\t<figure class=\"thb-bg-list-bg\">\n\t\t\t<\/figure>\n\t\t<\/div>\n\t[\/vc_column][\/vc_row][vc_row thb_full_width=&#8221;true&#8221; thb_row_padding=&#8221;true&#8221; thb_column_padding=&#8221;true&#8221; css=&#8221;.vc_custom_1579343834863{padding-bottom: 15vh !important;background-color: #000000 !important;}&#8221;][vc_column]\t<div id=\"thb-bg-list-69deef1b47e03\" class=\"thb-bg-list-parent style1 row no-padding thb-light-title\" data-zoom-effect=\"true\">\n\t\t\t<div class=\"small-12 medium-4 columns\" style=\"min-height: 40vh\">\n\t\t<div class=\"thb-bg-list animation bottom-to-top-3d has-btn\">\n\t\t\t<div class=\"list-content-container\">\n\t\t\t\t\t\t\t\t\t<div class=\"thb-bg-list-title\">\n\t\t\t\t\t\t<h4>RESISTENZA<\/h4>\n\t\t\t\t\t<\/div>\n\t\t\t\t\t\t\t\t\t\t\t\t\t<div class=\"thb-bg-list-content\">\n\t\t\t\t\t\tSquid\u00ae Squid trattiene il calore del sole: per questo motivo \u00e8 la soluzione ideale per finestre esposte a forte luce solare. Grazie al suo tessuto traspirante, rispetto alle classiche pellicole in pvc, \u00e8 adatto anche per vetri HR++(+).\t\t\t\t\t<\/div>\n\t\t\t\t\t\t\t<\/div>\n\t\t\t\t\t\t\t<a href=\"https:\/\/squid-italia.it\/it\/resistenza\" target=\"_blank\" title=\"SCOPRI DI PI\u00d9\" class=\"btn thb-bglist-btn no-radius style2 white small\" rel=\"noopener\"><span>SCOPRI DI PI\u00d9<\/span><\/a>\n\t\t\t\t\t<\/div>\n\t<\/div>\n\t<figure class=\"thb-bg-list-bg\">\n\t\t\t<\/figure>\n\t\t<div class=\"small-12 medium-4 columns\" style=\"min-height: 40vh\">\n\t\t<div class=\"thb-bg-list animation bottom-to-top-3d has-btn\">\n\t\t\t<div class=\"list-content-container\">\n\t\t\t\t\t\t\t\t\t<div class=\"thb-bg-list-title\">\n\t\t\t\t\t\t<h4>SEMPLICIT\u00c0<\/h4>\n\t\t\t\t\t<\/div>\n\t\t\t\t\t\t\t\t\t\t\t\t\t<div class=\"thb-bg-list-content\">\n\t\t\t\t\t\tSquid\u00ae \u00e8 veloce e facile da installare. Puoi farlo tranquillamente da solo, senza alcun bisogno di attrezzature professionali e l&#8217;installazione non dannegger\u00e0 in alcun modo le superfici.\t\t\t\t\t<\/div>\n\t\t\t\t\t\t\t<\/div>\n\t\t\t\t\t\t\t<a href=\"https:\/\/squid-italia.it\/it\/semplicita\" target=\"_blank\" title=\"SCOPRI DI PI\u00d9\" class=\"btn thb-bglist-btn no-radius style2 white small\" rel=\"noopener\"><span>SCOPRI DI PI\u00d9<\/span><\/a>\n\t\t\t\t\t<\/div>\n\t<\/div>\n\t<figure class=\"thb-bg-list-bg\">\n\t\t\t<\/figure>\n\t\t<div class=\"small-12 medium-4 columns\" style=\"min-height: 40vh\">\n\t\t<div class=\"thb-bg-list animation bottom-to-top-3d has-btn\">\n\t\t\t<div class=\"list-content-container\">\n\t\t\t\t\t\t\t\t\t<div class=\"thb-bg-list-title\">\n\t\t\t\t\t\t<h4>100% BELGA<\/h4>\n\t\t\t\t\t<\/div>\n\t\t\t\t\t\t\t\t\t\t\t\t\t<div class=\"thb-bg-list-content\">\n\t\t\t\t\t\tSquid\u00ae \u00e8 100% belga. La nostra esclusiva decorazione per finestre \u00e8 sviluppata e tessuta da Lampe Textiles a Tielt, in Belgio. Siamo guidati dalla nostra passione per i tessuti e alla qualit\u00e0 come priorit\u00e0.\t\t\t\t\t<\/div>\n\t\t\t\t\t\t\t<\/div>\n\t\t\t\t\t\t\t<a href=\"https:\/\/squid-italia.it\/it\/100-belga\" target=\"_blank\" title=\"SCOPRI DI PI\u00d9\" class=\"btn thb-bglist-btn no-radius style2 white small\" rel=\"noopener\"><span>SCOPRI DI PI\u00d9<\/span><\/a>\n\t\t\t\t\t<\/div>\n\t<\/div>\n\t<figure class=\"thb-bg-list-bg\">\n\t\t\t<\/figure>\n\t\t<\/div>\n\t[\/vc_column][\/vc_row]\n<\/section>","protected":false},"excerpt":{"rendered":"<p>[vc_row thb_full_width=&#8221;true&#8221; thb_row_padding=&#8221;true&#8221; thb_column_padding=&#8221;true&#8221; css=&#8221;.vc_custom_1739440959880{margin-bottom: 15vh !important;padding-top: 35vh !important;padding-bottom: 25vh !important;background: #151515 url(https:\/\/foresticollection.com\/wp-content\/uploads\/2019\/09\/Squid_home.jpg?id=3394) !important;background-position: center !important;background-repeat: no-repeat !important;background-size: cover !important;}&#8221; el_class=&#8221;hero-row&#8221;][vc_column][vc_row_inner el_class=&#8221;align-center&#8221;][vc_column_inner thb_color=&#8221;thb-light-column&#8221; width=&#8221;1\/2&#8243;][vc_single_image image=&#8221;3404&#8243; img_size=&#8221;full&#8221;][\/vc_column_inner][vc_column_inner width=&#8221;1\/2&#8243;][\/vc_column_inner][\/vc_row_inner][\/vc_column][\/vc_row][vc_row thb_full_width=&#8221;true&#8221; thb_row_padding=&#8221;true&#8221; thb_column_padding=&#8221;true&#8221; el_class=&#8221;second-row&#8221; css=&#8221;.vc_custom_1569020174469{padding-bottom: 5vh !important;}&#8221;][vc_column][vc_row_inner][vc_column_inner width=&#8221;7\/12&#8243;][vc_column_text animation=&#8221;animation bottom-to-top-3d&#8221;] Un modo nuovo e semplice per ricoprire le tue finestre [\/vc_column_text][\/vc_column_inner][vc_column_inner width=&#8221;5\/12&#8243;][\/vc_column_inner][\/vc_row_inner][\/vc_column][\/vc_row][vc_row thb_full_width=&#8221;true&#8221; thb_row_padding=&#8221;true&#8221; thb_column_padding=&#8221;true&#8221; el_class=&#8221;second-row&#8221; css=&#8221;.vc_custom_1569019721173{padding-bottom: 5vh&hellip;<\/p>\n","protected":false},"author":3,"featured_media":0,"parent":0,"menu_order":0,"comment_status":"closed","ping_status":"closed","template":"","meta":{"footnotes":""},"class_list":["post-12044","page","type-page","status-publish","hentry"],"_links":{"self":[{"href":"https:\/\/foresticollection.com\/it\/wp-json\/wp\/v2\/pages\/12044","targetHints":{"allow":["GET"]}}],"collection":[{"href":"https:\/\/foresticollection.com\/it\/wp-json\/wp\/v2\/pages"}],"about":[{"href":"https:\/\/foresticollection.com\/it\/wp-json\/wp\/v2\/types\/page"}],"author":[{"embeddable":true,"href":"https:\/\/foresticollection.com\/it\/wp-json\/wp\/v2\/users\/3"}],"replies":[{"embeddable":true,"href":"https:\/\/foresticollection.com\/it\/wp-json\/wp\/v2\/comments?post=12044"}],"version-history":[{"count":1,"href":"https:\/\/foresticollection.com\/it\/wp-json\/wp\/v2\/pages\/12044\/revisions"}],"predecessor-version":[{"id":45876,"href":"https:\/\/foresticollection.com\/it\/wp-json\/wp\/v2\/pages\/12044\/revisions\/45876"}],"wp:attachment":[{"href":"https:\/\/foresticollection.com\/it\/wp-json\/wp\/v2\/media?parent=12044"}],"curies":[{"name":"wp","href":"https:\/\/api.w.org\/{rel}","templated":true}]}}